{"id":19,"date":"2026-03-02T13:23:47","date_gmt":"2026-03-02T13:23:47","guid":{"rendered":"https:\/\/catmoirwolfe.com\/?page_id=19"},"modified":"2026-04-03T13:15:51","modified_gmt":"2026-04-03T12:15:51","slug":"mentions-legales","status":"publish","type":"page","link":"https:\/\/catmoirwolfe.com\/en\/mentions-legales\/","title":{"rendered":"Legal notice"},"content":{"rendered":"\n[et_pb_section fb_built=\u00a0\u00bb1&Prime; _builder_version=\u00a0\u00bb4.27.6&Prime; _module_preset=\u00a0\u00bbdefault\u00a0\u00bb background_color=\u00a0\u00bb#304B43&Prime; hover_enabled=\u00a0\u00bb0&Prime; global_colors_info=\u00a0\u00bb{}\u00a0\u00bb custom_padding_last_edited=\u00a0\u00bbon|phone\u00a0\u00bb custom_padding_phone=\u00a0\u00bb1rem||1rem||true|false\u00a0\u00bb sticky_enabled=\u00a0\u00bb0&Prime;][et_pb_row _builder_version=\u00a0\u00bb4.27.0&Prime; _module_preset=\u00a0\u00bbdefault\u00a0\u00bb width=\u00a0\u00bb90%\u00a0\u00bb global_colors_info=\u00a0\u00bb{}\u00a0\u00bb][et_pb_column type=\u00a0\u00bb4_4&Prime; _builder_version=\u00a0\u00bb4.27.0&Prime; _module_preset=\u00a0\u00bbdefault\u00a0\u00bb global_colors_info=\u00a0\u00bb{}\u00a0\u00bb][et_pb_text _builder_version=\u00a0\u00bb4.27.6&Prime; _module_preset=\u00a0\u00bbdefault\u00a0\u00bb header_text_align=\u00a0\u00bbcenter\u00a0\u00bb header_text_color=\u00a0\u00bb#F8F7F6&Prime; header_font_size=\u00a0\u00bb50px\u00a0\u00bb header_font_size_tablet=\u00a0\u00bb45px\u00a0\u00bb header_font_size_phone=\u00a0\u00bb35px\u00a0\u00bb header_font_size_last_edited=\u00a0\u00bbon|phone\u00a0\u00bb global_colors_info=\u00a0\u00bb{}\u00a0\u00bb]<h1>Mentions l\u00e9gales<\/h1>[\/et_pb_text][\/et_pb_column][\/et_pb_row][\/et_pb_section][et_pb_section fb_built=\u00a0\u00bb1&Prime; custom_padding_last_edited=\u00a0\u00bbon|phone\u00a0\u00bb _builder_version=\u00a0\u00bb4.27.6&Prime; _module_preset=\u00a0\u00bbdefault\u00a0\u00bb custom_padding=\u00a0\u00bb2rem||2rem||true|false\u00a0\u00bb custom_padding_tablet=\u00a0\u00bb2rem||2rem||true|false\u00a0\u00bb custom_padding_phone=\u00a0\u00bb1rem||1rem||true|false\u00a0\u00bb hover_enabled=\u00a0\u00bb0&Prime; global_colors_info=\u00a0\u00bb{}\u00a0\u00bb sticky_enabled=\u00a0\u00bb0&Prime;][et_pb_row _builder_version=\u00a0\u00bb4.27.0&Prime; _module_preset=\u00a0\u00bbdefault\u00a0\u00bb width=\u00a0\u00bb85%\u00a0\u00bb global_colors_info=\u00a0\u00bb{}\u00a0\u00bb][et_pb_column type=\u00a0\u00bb4_4&Prime; _builder_version=\u00a0\u00bb4.27.0&Prime; _module_preset=\u00a0\u00bbdefault\u00a0\u00bb global_colors_info=\u00a0\u00bb{}\u00a0\u00bb][et_pb_text _builder_version=\u00a0\u00bb4.27.6&Prime; _module_preset=\u00a0\u00bbdefault\u00a0\u00bb header_2_font=\u00a0\u00bb&#8211;et_global_body_font|||on|||||\u00a0\u00bb header_2_font_size=\u00a0\u00bb24px\u00a0\u00bb header_2_font_size_tablet=\u00a0\u00bb23px\u00a0\u00bb header_2_font_size_phone=\u00a0\u00bb23px\u00a0\u00bb header_2_font_size_last_edited=\u00a0\u00bbon|desktop\u00a0\u00bb global_colors_info=\u00a0\u00bb{}\u00a0\u00bb]<p><em>Date de derni\u00e8re mise \u00e0 jour\u00a0des Mentions L\u00e9gales : 29\/12\/2025<\/em><\/p>\n<p>Conform\u00e9ment aux dispositions des articles 6-III et 19 de la loi n\u00b0 2004-575 du 21 juin 2004 pour la confiance dans l\u2019\u00e9conomie num\u00e9rique (LCEN), il est port\u00e9 \u00e0 la connaissance des utilisateurs du site <a href=\"http:\/\/catmoirwolfe.com\">http:\/\/catmoirwolfe.com<\/a> les pr\u00e9sentes mentions l\u00e9gales.<\/p>\n<h2>\u00c9diteur du site<\/h2>\n<p>Le pr\u00e9sent site est \u00e9dit\u00e9 par :<\/p>\n<p><strong>Catherine Moir Wolfe<br \/><\/strong>Entrepreneur individuel \u2013 microentreprise<br \/>Psychologue clinicienne<br \/>Num\u00e9ro RPPS : <strong>10111492517<br \/><\/strong>Num\u00e9ro SIRET : <strong>899 303 093 00020<\/strong><\/p>\n<p>Adresse du si\u00e8ge social :<br \/><strong>40 rue Saurines, 31500 Toulouse \u2013 France<\/strong><\/p>\n<p>Adresse \u00e9lectronique :<br \/><strong><a href=\"mailto:contact@catmoirwolfe.com\">contact@catmoirwolfe.com<\/a><\/strong><\/p>\n<p>Num\u00e9ro de t\u00e9l\u00e9phone :<br \/><strong>06 10 93 99 91<\/strong><\/p>\n<p>TVA non applicable, conform\u00e9ment \u00e0 l\u2019article 293 B du Code g\u00e9n\u00e9ral des imp\u00f4ts.<\/p>\n<p>Profession r\u00e9glement\u00e9e : <br \/>Titre professionnel de <strong>psychologue clinicienne<\/strong>, dipl\u00f4me d\u00e9livr\u00e9 en France.<\/p>\n<h2>Responsable de la publication<\/h2>\n<p>La responsable de la publication est : <strong>Catherine Moir Wolfe<\/strong><\/p>\n<p>Adresse : 40 rue Saurines, 31500 Toulouse \u2013 France<\/p>\n<p>Adresse \u00e9lectronique : <a href=\"mailto:contact@catmoirwolfe.com\">contact@catmoirwolfe.com<\/a><\/p>\n<p><a href=\"https:\/\/redaction-cgv.com\/redaction-de-mentions-legales\/\">R\u00e9daction de mentions l\u00e9gales<\/a> r\u00e9alis\u00e9e par : <a href=\"http:\/\/redaction-cgv.com\">redaction-cgv.com<\/a>.<\/p>\n<h2>H\u00e9bergement du site<\/h2>\n<p>Le site est h\u00e9berg\u00e9 par :<\/p>\n<p><strong>o2switch<br \/><\/strong>222-224 boulevard Gustave Flaubert<br \/>63000 Clermont-Ferrand \u2013 France<br \/>SARL o2switch au capital de 7 500 \u20ac<br \/>RCS Clermont-Ferrand<br \/>SIRET : 510 909 807 00016<br \/>Num\u00e9ro de TVA intracommunautaire : FR35 510909807<\/p>\n<p>La marque o2switch est d\u00e9pos\u00e9e \u00e0 l\u2019INPI sous le num\u00e9ro 09 3 645 729.<\/p>\n<h2>Propri\u00e9t\u00e9 intellectuelle<\/h2>\n<p>L\u2019ensemble du site <strong><a href=\"http:\/\/catmoirwolfe.com\">catmoirwolfe.com<\/a><\/strong>, incluant notamment les textes, images, graphismes, logos, ic\u00f4nes, vid\u00e9os, sons, logiciels, ainsi que la structure g\u00e9n\u00e9rale du site, est prot\u00e9g\u00e9 par le Code de la propri\u00e9t\u00e9 intellectuelle et est la propri\u00e9t\u00e9 exclusive de Catherine Moir Wolfe, sauf mention contraire.<\/p>\n<p>Toute reproduction, repr\u00e9sentation, modification, adaptation, publication ou exploitation, totale ou partielle, du site ou de l\u2019un quelconque de ses \u00e9l\u00e9ments, par quelque proc\u00e9d\u00e9 que ce soit et sur quelque support que ce soit, est strictement interdite sans l\u2019autorisation \u00e9crite pr\u00e9alable de Catherine Moir Wolfe.<\/p>\n<p>Toute utilisation non autoris\u00e9e constitue une contrefa\u00e7on susceptible d\u2019engager la responsabilit\u00e9 civile et p\u00e9nale de son auteur.<\/p>\n<h2>Donn\u00e9es personnelles et cookies<\/h2>\n<p>Le site <strong><a href=\"http:\/\/catmoirwolfe.com\">catmoirwolfe.com<\/a><\/strong> est conforme \u00e0 la r\u00e9glementation applicable en mati\u00e8re de protection des donn\u00e9es personnelles, notamment le R\u00e8glement (UE) 2016\/679 du 27 avril 2016 (R\u00e8glement g\u00e9n\u00e9ral sur la protection des donn\u00e9es \u2013 RGPD) et la loi \u00ab Informatique et Libert\u00e9s \u00bb.<\/p>\n<p>Les modalit\u00e9s de collecte, de traitement et de conservation des donn\u00e9es personnelles sont d\u00e9taill\u00e9es dans une <strong>politique de confidentialit\u00e9<\/strong> accessible sur le site.<\/p>\n<p>Le site utilise des cookies et autres traceurs susceptibles d\u2019\u00eatre d\u00e9pos\u00e9s sur le terminal de l\u2019utilisateur. Un dispositif de gestion du consentement aux cookies, conforme \u00e0 la r\u00e9glementation en vigueur, est mis en place lors de la navigation sur le site. Les modalit\u00e9s relatives \u00e0 l\u2019utilisation des cookies sont d\u00e9taill\u00e9es dans une <strong>politique cookies<\/strong> accessible sur le site.<\/p>\n<h2>Responsabilit\u00e9<\/h2>\n<p>L\u2019\u00e9diteur du site s\u2019efforce de fournir des informations aussi pr\u00e9cises et \u00e0 jour que possible. Toutefois, il ne saurait \u00eatre tenu responsable des omissions, inexactitudes ou carences dans la mise \u00e0 jour des informations, qu\u2019elles soient de son fait ou du fait de tiers partenaires.<\/p>\n<p>L\u2019utilisateur reconna\u00eet utiliser les informations disponibles sur le site sous sa responsabilit\u00e9 exclusive.<\/p>[\/et_pb_text][\/et_pb_column][\/et_pb_row][\/et_pb_section]\n","protected":false},"excerpt":{"rendered":"<p>Mentions l\u00e9galesDate de derni\u00e8re mise \u00e0 jour\u00a0des Mentions L\u00e9gales : 29\/12\/2025 Conform\u00e9ment aux dispositions des articles 6-III et 19 de la loi n\u00b0 2004-575 du 21 juin 2004 pour la confiance dans l\u2019\u00e9conomie num\u00e9rique (LCEN), il est port\u00e9 \u00e0 la connaissance des utilisateurs du site http:\/\/catmoirwolfe.com les pr\u00e9sentes mentions l\u00e9gales. \u00c9diteur du site Le pr\u00e9sent [&hellip;]<\/p>\n","protected":false},"author":1,"featured_media":0,"parent":0,"menu_order":0,"comment_status":"closed","ping_status":"closed","template":"","meta":{"_et_pb_use_builder":"on","_et_pb_old_content":"","_et_gb_content_width":"","footnotes":""},"dipi_cpt_category":[],"class_list":["post-19","page","type-page","status-publish","hentry"],"yoast_head":"<!-- This site is optimized with the Yoast SEO plugin v27.5 - https:\/\/yoast.com\/product\/yoast-seo-wordpress\/ -->\n<title>Mentions l\u00e9gales - Cat Moir Wolfe<\/title>\n<meta name=\"robots\" content=\"noindex, follow\" \/>\n<meta property=\"og:locale\" content=\"en_GB\" \/>\n<meta property=\"og:type\" content=\"article\" \/>\n<meta property=\"og:title\" content=\"Mentions l\u00e9gales - Cat Moir Wolfe\" \/>\n<meta property=\"og:description\" content=\"Mentions l\u00e9galesDate de derni\u00e8re mise \u00e0 jour\u00a0des Mentions L\u00e9gales : 29\/12\/2025 Conform\u00e9ment aux dispositions des articles 6-III et 19 de la loi n\u00b0 2004-575 du 21 juin 2004 pour la confiance dans l\u2019\u00e9conomie num\u00e9rique (LCEN), il est port\u00e9 \u00e0 la connaissance des utilisateurs du site http:\/\/catmoirwolfe.com les pr\u00e9sentes mentions l\u00e9gales. \u00c9diteur du site Le pr\u00e9sent [&hellip;]\" \/>\n<meta property=\"og:url\" content=\"https:\/\/catmoirwolfe.com\/en\/mentions-legales\/\" \/>\n<meta property=\"og:site_name\" content=\"Cat Moir Wolfe\" \/>\n<meta property=\"article:modified_time\" content=\"2026-04-03T12:15:51+00:00\" \/>\n<meta name=\"twitter:card\" content=\"summary_large_image\" \/>\n<meta name=\"twitter:label1\" content=\"Estimated reading time\" \/>\n\t<meta name=\"twitter:data1\" content=\"3 minutes\" \/>\n<script type=\"application\/ld+json\" class=\"yoast-schema-graph\">{\"@context\":\"https:\\\/\\\/schema.org\",\"@graph\":[{\"@type\":\"WebPage\",\"@id\":\"https:\\\/\\\/catmoirwolfe.com\\\/mentions-legales\\\/\",\"url\":\"https:\\\/\\\/catmoirwolfe.com\\\/mentions-legales\\\/\",\"name\":\"Mentions l\u00e9gales - Cat Moir Wolfe\",\"isPartOf\":{\"@id\":\"https:\\\/\\\/catmoirwolfe.com\\\/#website\"},\"datePublished\":\"2026-03-02T13:23:47+00:00\",\"dateModified\":\"2026-04-03T12:15:51+00:00\",\"breadcrumb\":{\"@id\":\"https:\\\/\\\/catmoirwolfe.com\\\/mentions-legales\\\/#breadcrumb\"},\"inLanguage\":\"en-GB\",\"potentialAction\":[{\"@type\":\"ReadAction\",\"target\":[\"https:\\\/\\\/catmoirwolfe.com\\\/mentions-legales\\\/\"]}]},{\"@type\":\"BreadcrumbList\",\"@id\":\"https:\\\/\\\/catmoirwolfe.com\\\/mentions-legales\\\/#breadcrumb\",\"itemListElement\":[{\"@type\":\"ListItem\",\"position\":1,\"name\":\"Accueil\",\"item\":\"https:\\\/\\\/catmoirwolfe.com\\\/\"},{\"@type\":\"ListItem\",\"position\":2,\"name\":\"Mentions l\u00e9gales\"}]},{\"@type\":\"WebSite\",\"@id\":\"https:\\\/\\\/catmoirwolfe.com\\\/#website\",\"url\":\"https:\\\/\\\/catmoirwolfe.com\\\/\",\"name\":\"Catherine Moir Wolfe\",\"description\":\"Psychologue clinicienne \u00e0 Toulouse et en visio\",\"publisher\":{\"@id\":\"https:\\\/\\\/catmoirwolfe.com\\\/#organization\"},\"potentialAction\":[{\"@type\":\"SearchAction\",\"target\":{\"@type\":\"EntryPoint\",\"urlTemplate\":\"https:\\\/\\\/catmoirwolfe.com\\\/?s={search_term_string}\"},\"query-input\":{\"@type\":\"PropertyValueSpecification\",\"valueRequired\":true,\"valueName\":\"search_term_string\"}}],\"inLanguage\":\"en-GB\"},{\"@type\":\"Organization\",\"@id\":\"https:\\\/\\\/catmoirwolfe.com\\\/#organization\",\"name\":\"Catherine Moir Wolfe\",\"url\":\"https:\\\/\\\/catmoirwolfe.com\\\/\",\"logo\":{\"@type\":\"ImageObject\",\"inLanguage\":\"en-GB\",\"@id\":\"https:\\\/\\\/catmoirwolfe.com\\\/#\\\/schema\\\/logo\\\/image\\\/\",\"url\":\"https:\\\/\\\/catmoirwolfe.com\\\/wp-content\\\/uploads\\\/2026\\\/03\\\/logo-cat-moire-wolfe-psychologue-clinicienne.svg\",\"contentUrl\":\"https:\\\/\\\/catmoirwolfe.com\\\/wp-content\\\/uploads\\\/2026\\\/03\\\/logo-cat-moire-wolfe-psychologue-clinicienne.svg\",\"width\":1,\"height\":1,\"caption\":\"Catherine Moir Wolfe\"},\"image\":{\"@id\":\"https:\\\/\\\/catmoirwolfe.com\\\/#\\\/schema\\\/logo\\\/image\\\/\"}}]}<\/script>\n<!-- \/ Yoast SEO plugin. -->","yoast_head_json":{"title":"Mentions l\u00e9gales - Cat Moir Wolfe","robots":{"index":"noindex","follow":"follow"},"og_locale":"en_GB","og_type":"article","og_title":"Mentions l\u00e9gales - Cat Moir Wolfe","og_description":"Mentions l\u00e9galesDate de derni\u00e8re mise \u00e0 jour\u00a0des Mentions L\u00e9gales : 29\/12\/2025 Conform\u00e9ment aux dispositions des articles 6-III et 19 de la loi n\u00b0 2004-575 du 21 juin 2004 pour la confiance dans l\u2019\u00e9conomie num\u00e9rique (LCEN), il est port\u00e9 \u00e0 la connaissance des utilisateurs du site http:\/\/catmoirwolfe.com les pr\u00e9sentes mentions l\u00e9gales. \u00c9diteur du site Le pr\u00e9sent [&hellip;]","og_url":"https:\/\/catmoirwolfe.com\/en\/mentions-legales\/","og_site_name":"Cat Moir Wolfe","article_modified_time":"2026-04-03T12:15:51+00:00","twitter_card":"summary_large_image","twitter_misc":{"Estimated reading time":"3 minutes"},"schema":{"@context":"https:\/\/schema.org","@graph":[{"@type":"WebPage","@id":"https:\/\/catmoirwolfe.com\/mentions-legales\/","url":"https:\/\/catmoirwolfe.com\/mentions-legales\/","name":"Mentions l\u00e9gales - Cat Moir Wolfe","isPartOf":{"@id":"https:\/\/catmoirwolfe.com\/#website"},"datePublished":"2026-03-02T13:23:47+00:00","dateModified":"2026-04-03T12:15:51+00:00","breadcrumb":{"@id":"https:\/\/catmoirwolfe.com\/mentions-legales\/#breadcrumb"},"inLanguage":"en-GB","potentialAction":[{"@type":"ReadAction","target":["https:\/\/catmoirwolfe.com\/mentions-legales\/"]}]},{"@type":"BreadcrumbList","@id":"https:\/\/catmoirwolfe.com\/mentions-legales\/#breadcrumb","itemListElement":[{"@type":"ListItem","position":1,"name":"Accueil","item":"https:\/\/catmoirwolfe.com\/"},{"@type":"ListItem","position":2,"name":"Mentions l\u00e9gales"}]},{"@type":"WebSite","@id":"https:\/\/catmoirwolfe.com\/#website","url":"https:\/\/catmoirwolfe.com\/","name":"Catherine Moir Wolfe","description":"Psychologue clinicienne \u00e0 Toulouse et en visio","publisher":{"@id":"https:\/\/catmoirwolfe.com\/#organization"},"potentialAction":[{"@type":"SearchAction","target":{"@type":"EntryPoint","urlTemplate":"https:\/\/catmoirwolfe.com\/?s={search_term_string}"},"query-input":{"@type":"PropertyValueSpecification","valueRequired":true,"valueName":"search_term_string"}}],"inLanguage":"en-GB"},{"@type":"Organization","@id":"https:\/\/catmoirwolfe.com\/#organization","name":"Catherine Moir Wolfe","url":"https:\/\/catmoirwolfe.com\/","logo":{"@type":"ImageObject","inLanguage":"en-GB","@id":"https:\/\/catmoirwolfe.com\/#\/schema\/logo\/image\/","url":"https:\/\/catmoirwolfe.com\/wp-content\/uploads\/2026\/03\/logo-cat-moire-wolfe-psychologue-clinicienne.svg","contentUrl":"https:\/\/catmoirwolfe.com\/wp-content\/uploads\/2026\/03\/logo-cat-moire-wolfe-psychologue-clinicienne.svg","width":1,"height":1,"caption":"Catherine Moir Wolfe"},"image":{"@id":"https:\/\/catmoirwolfe.com\/#\/schema\/logo\/image\/"}}]}},"_links":{"self":[{"href":"https:\/\/catmoirwolfe.com\/en\/wp-json\/wp\/v2\/pages\/19","targetHints":{"allow":["GET"]}}],"collection":[{"href":"https:\/\/catmoirwolfe.com\/en\/wp-json\/wp\/v2\/pages"}],"about":[{"href":"https:\/\/catmoirwolfe.com\/en\/wp-json\/wp\/v2\/types\/page"}],"author":[{"embeddable":true,"href":"https:\/\/catmoirwolfe.com\/en\/wp-json\/wp\/v2\/users\/1"}],"replies":[{"embeddable":true,"href":"https:\/\/catmoirwolfe.com\/en\/wp-json\/wp\/v2\/comments?post=19"}],"version-history":[{"count":5,"href":"https:\/\/catmoirwolfe.com\/en\/wp-json\/wp\/v2\/pages\/19\/revisions"}],"predecessor-version":[{"id":227,"href":"https:\/\/catmoirwolfe.com\/en\/wp-json\/wp\/v2\/pages\/19\/revisions\/227"}],"wp:attachment":[{"href":"https:\/\/catmoirwolfe.com\/en\/wp-json\/wp\/v2\/media?parent=19"}],"wp:term":[{"taxonomy":"dipi_cpt_category","embeddable":true,"href":"https:\/\/catmoirwolfe.com\/en\/wp-json\/wp\/v2\/dipi_cpt_category?post=19"}],"curies":[{"name":"wp","href":"https:\/\/api.w.org\/{rel}","templated":true}]}}