{"id":158,"date":"2026-04-03T12:55:08","date_gmt":"2026-04-03T11:55:08","guid":{"rendered":"https:\/\/catmoirwolfe.com\/?page_id=158"},"modified":"2026-04-30T08:48:40","modified_gmt":"2026-04-30T07:48:40","slug":"blog","status":"publish","type":"page","link":"https:\/\/catmoirwolfe.com\/en\/blog\/","title":{"rendered":"Blog"},"content":{"rendered":"<p>[et_pb_section fb_built=\u00a0\u00bb1&Prime; custom_padding_last_edited=\u00a0\u00bbon|phone\u00a0\u00bb _builder_version=\u00a0\u00bb4.27.6&Prime; _module_preset=\u00a0\u00bbdefault\u00a0\u00bb background_color=\u00a0\u00bb#F8F7F6&Prime; custom_padding=\u00a0\u00bb1.5rem||||false|false\u00a0\u00bb custom_padding_tablet=\u00a0\u00bb0.5rem||||false|false\u00a0\u00bb custom_padding_phone=\u00a0\u00bb1rem||||false|false\u00a0\u00bb border_width_top=\u00a0\u00bb6px\u00a0\u00bb border_color_top=\u00a0\u00bb#F5D757&Prime; global_colors_info=\u00a0\u00bb{}\u00a0\u00bb][et_pb_row custom_padding_last_edited=\u00a0\u00bbon|tablet\u00a0\u00bb _builder_version=\u00a0\u00bb4.27.6&Prime; _module_preset=\u00a0\u00bbdefault\u00a0\u00bb width=\u00a0\u00bb90%\u00a0\u00bb width_tablet=\u00a0\u00bb90%\u00a0\u00bb width_phone=\u00a0\u00bb85%\u00a0\u00bb width_last_edited=\u00a0\u00bbon|phone\u00a0\u00bb custom_padding_tablet=\u00a0\u00bb||0px||false|false\u00a0\u00bb custom_padding_phone=\u00a0\u00bb||0px||false|false\u00a0\u00bb global_colors_info=\u00a0\u00bb{}\u00a0\u00bb][et_pb_column type=\u00a0\u00bb4_4&Prime; _builder_version=\u00a0\u00bb4.27.6&Prime; _module_preset=\u00a0\u00bbdefault\u00a0\u00bb global_colors_info=\u00a0\u00bb{}\u00a0\u00bb][et_pb_text _builder_version=\u00a0\u00bb4.27.6&Prime; _module_preset=\u00a0\u00bbdefault\u00a0\u00bb header_text_align=\u00a0\u00bbcenter\u00a0\u00bb header_font_size=\u00a0\u00bb50px\u00a0\u00bb header_letter_spacing=\u00a0\u00bb-1px\u00a0\u00bb header_line_height=\u00a0\u00bb1.6em\u00a0\u00bb header_2_text_align=\u00a0\u00bbcenter\u00a0\u00bb header_2_letter_spacing=\u00a0\u00bb-1px\u00a0\u00bb header_2_line_height=\u00a0\u00bb1.6em\u00a0\u00bb max_width=\u00a0\u00bb756px\u00a0\u00bb module_alignment=\u00a0\u00bbcenter\u00a0\u00bb custom_margin=\u00a0\u00bb||5px||false|false\u00a0\u00bb header_font_size_tablet=\u00a0\u00bb45px\u00a0\u00bb header_font_size_phone=\u00a0\u00bb35px\u00a0\u00bb header_font_size_last_edited=\u00a0\u00bbon|phone\u00a0\u00bb header_2_font_size_tablet=\u00a0\u00bb\u00a0\u00bb header_2_font_size_phone=\u00a0\u00bb23px\u00a0\u00bb header_2_font_size_last_edited=\u00a0\u00bbon|phone\u00a0\u00bb global_colors_info=\u00a0\u00bb{}\u00a0\u00bb]<\/p>\n<h1>Psychoth\u00e9rapie tout court<\/h1>\n<p>[\/et_pb_text][et_pb_text _builder_version=\u00a0\u00bb4.27.6&Prime; _module_preset=\u00a0\u00bbdefault\u00a0\u00bb text_orientation=\u00a0\u00bbcenter\u00a0\u00bb hover_enabled=\u00a0\u00bb0&Prime; global_colors_info=\u00a0\u00bb{}\u00a0\u00bb sticky_enabled=\u00a0\u00bb0&Prime;]<\/p>\n<p><b>D\u00e9mystifier la psychoth\u00e9rapie, un article de blog \u00e0 la fois<\/b><\/p>\n<p>[\/et_pb_text][\/et_pb_column][\/et_pb_row][\/et_pb_section][et_pb_section fb_built=\u00a0\u00bb1&Prime; custom_padding_last_edited=\u00a0\u00bbon|phone\u00a0\u00bb _builder_version=\u00a0\u00bb4.27.6&Prime; _module_preset=\u00a0\u00bbdefault\u00a0\u00bb custom_padding=\u00a0\u00bb||1.5rem||false|false\u00a0\u00bb custom_padding_tablet=\u00a0\u00bb20px||0rem||false|false\u00a0\u00bb custom_padding_phone=\u00a0\u00bb||0rem||false|false\u00a0\u00bb global_colors_info=\u00a0\u00bb{}\u00a0\u00bb][et_pb_row _builder_version=\u00a0\u00bb4.27.6&Prime; _module_preset=\u00a0\u00bbdefault\u00a0\u00bb width=\u00a0\u00bb85%\u00a0\u00bb global_colors_info=\u00a0\u00bb{}\u00a0\u00bb][et_pb_column type=\u00a0\u00bb4_4&Prime; _builder_version=\u00a0\u00bb4.27.6&Prime; _module_preset=\u00a0\u00bbdefault\u00a0\u00bb global_colors_info=\u00a0\u00bb{}\u00a0\u00bb][et_pb_blog fullwidth=\u00a0\u00bboff\u00a0\u00bb posts_number=\u00a0\u00bb18&Prime; include_categories=\u00a0\u00bball\u00a0\u00bb meta_date=\u00a0\u00bbj M Y\u00a0\u00bb use_manual_excerpt=\u00a0\u00bboff\u00a0\u00bb show_author=\u00a0\u00bboff\u00a0\u00bb show_categories=\u00a0\u00bboff\u00a0\u00bb show_excerpt=\u00a0\u00bboff\u00a0\u00bb use_overlay=\u00a0\u00bbon\u00a0\u00bb overlay_icon_color=\u00a0\u00bb#FFFFFF\u00a0\u00bb hover_overlay_color=\u00a0\u00bbrgba(53,47,47,0.52)\u00a0\u00bb hover_icon=\u00a0\u00bb&#x24;||divi||400&Prime; masonry_tile_background_color=\u00a0\u00bb#406459&Prime; _builder_version=\u00a0\u00bb4.27.6&Prime; _module_preset=\u00a0\u00bbdefault\u00a0\u00bb header_level=\u00a0\u00bbh3&Prime; header_font=\u00a0\u00bb&#8211;et_global_body_font|||on|||||\u00a0\u00bb header_text_align=\u00a0\u00bbcenter\u00a0\u00bb header_text_color=\u00a0\u00bb#FFFFFF\u00a0\u00bb header_font_size=\u00a0\u00bb18px\u00a0\u00bb meta_font=\u00a0\u00bb|||on|||||\u00a0\u00bb meta_text_align=\u00a0\u00bbcenter\u00a0\u00bb meta_text_color=\u00a0\u00bb#F8F7F6&Prime; meta_font_size=\u00a0\u00bb15px\u00a0\u00bb background_enable_color=\u00a0\u00bboff\u00a0\u00bb header_font_size_tablet=\u00a0\u00bb16px\u00a0\u00bb header_font_size_phone=\u00a0\u00bb16px\u00a0\u00bb header_font_size_last_edited=\u00a0\u00bbon|tablet\u00a0\u00bb border_width_all=\u00a0\u00bb0px\u00a0\u00bb border_color_all=\u00a0\u00bbRGBA(255,255,255,0)\u00a0\u00bb border_color_all_image=\u00a0\u00bbRGBA(255,255,255,0)\u00a0\u00bb global_colors_info=\u00a0\u00bb{}\u00a0\u00bb][\/et_pb_blog][\/et_pb_column][\/et_pb_row][\/et_pb_section]<\/p>\n","protected":false},"excerpt":{"rendered":"<p>Psychoth\u00e9rapie tout courtD\u00e9mystifier la psychoth\u00e9rapie, un article de blog \u00e0 la fois<\/p>","protected":false},"author":2,"featured_media":0,"parent":0,"menu_order":0,"comment_status":"closed","ping_status":"closed","template":"","meta":{"_et_pb_use_builder":"on","_et_pb_old_content":"","_et_gb_content_width":"","footnotes":""},"dipi_cpt_category":[],"class_list":["post-158","page","type-page","status-publish","hentry"],"yoast_head":"<!-- This site is optimized with the Yoast SEO plugin v27.5 - https:\/\/yoast.com\/product\/yoast-seo-wordpress\/ -->\n<title>Blog - Cat Moir Wolfe<\/title>\n<meta name=\"robots\" content=\"index, follow, max-snippet:-1, max-image-preview:large, max-video-preview:-1\" \/>\n<link rel=\"canonical\" href=\"https:\/\/catmoirwolfe.com\/en\/blog\/\" \/>\n<meta property=\"og:locale\" content=\"en_GB\" \/>\n<meta property=\"og:type\" content=\"article\" \/>\n<meta property=\"og:title\" content=\"Blog - Cat Moir Wolfe\" \/>\n<meta property=\"og:description\" content=\"Psychoth\u00e9rapie tout courtD\u00e9mystifier la psychoth\u00e9rapie, un article de blog \u00e0 la fois\" \/>\n<meta property=\"og:url\" content=\"https:\/\/catmoirwolfe.com\/en\/blog\/\" \/>\n<meta property=\"og:site_name\" content=\"Cat Moir Wolfe\" \/>\n<meta property=\"article:modified_time\" content=\"2026-04-30T07:48:40+00:00\" \/>\n<meta name=\"twitter:card\" content=\"summary_large_image\" \/>\n<script type=\"application\/ld+json\" class=\"yoast-schema-graph\">{\"@context\":\"https:\\\/\\\/schema.org\",\"@graph\":[{\"@type\":\"WebPage\",\"@id\":\"https:\\\/\\\/catmoirwolfe.com\\\/blog\\\/\",\"url\":\"https:\\\/\\\/catmoirwolfe.com\\\/blog\\\/\",\"name\":\"Blog - Cat Moir Wolfe\",\"isPartOf\":{\"@id\":\"https:\\\/\\\/catmoirwolfe.com\\\/#website\"},\"datePublished\":\"2026-04-03T11:55:08+00:00\",\"dateModified\":\"2026-04-30T07:48:40+00:00\",\"breadcrumb\":{\"@id\":\"https:\\\/\\\/catmoirwolfe.com\\\/blog\\\/#breadcrumb\"},\"inLanguage\":\"en-GB\",\"potentialAction\":[{\"@type\":\"ReadAction\",\"target\":[\"https:\\\/\\\/catmoirwolfe.com\\\/blog\\\/\"]}]},{\"@type\":\"BreadcrumbList\",\"@id\":\"https:\\\/\\\/catmoirwolfe.com\\\/blog\\\/#breadcrumb\",\"itemListElement\":[{\"@type\":\"ListItem\",\"position\":1,\"name\":\"Accueil\",\"item\":\"https:\\\/\\\/catmoirwolfe.com\\\/\"},{\"@type\":\"ListItem\",\"position\":2,\"name\":\"Blog\"}]},{\"@type\":\"WebSite\",\"@id\":\"https:\\\/\\\/catmoirwolfe.com\\\/#website\",\"url\":\"https:\\\/\\\/catmoirwolfe.com\\\/\",\"name\":\"Catherine Moir Wolfe\",\"description\":\"Psychologue clinicienne \u00e0 Toulouse et en visio\",\"publisher\":{\"@id\":\"https:\\\/\\\/catmoirwolfe.com\\\/#organization\"},\"potentialAction\":[{\"@type\":\"SearchAction\",\"target\":{\"@type\":\"EntryPoint\",\"urlTemplate\":\"https:\\\/\\\/catmoirwolfe.com\\\/?s={search_term_string}\"},\"query-input\":{\"@type\":\"PropertyValueSpecification\",\"valueRequired\":true,\"valueName\":\"search_term_string\"}}],\"inLanguage\":\"en-GB\"},{\"@type\":\"Organization\",\"@id\":\"https:\\\/\\\/catmoirwolfe.com\\\/#organization\",\"name\":\"Catherine Moir Wolfe\",\"url\":\"https:\\\/\\\/catmoirwolfe.com\\\/\",\"logo\":{\"@type\":\"ImageObject\",\"inLanguage\":\"en-GB\",\"@id\":\"https:\\\/\\\/catmoirwolfe.com\\\/#\\\/schema\\\/logo\\\/image\\\/\",\"url\":\"https:\\\/\\\/catmoirwolfe.com\\\/wp-content\\\/uploads\\\/2026\\\/03\\\/logo-cat-moire-wolfe-psychologue-clinicienne.svg\",\"contentUrl\":\"https:\\\/\\\/catmoirwolfe.com\\\/wp-content\\\/uploads\\\/2026\\\/03\\\/logo-cat-moire-wolfe-psychologue-clinicienne.svg\",\"width\":1,\"height\":1,\"caption\":\"Catherine Moir Wolfe\"},\"image\":{\"@id\":\"https:\\\/\\\/catmoirwolfe.com\\\/#\\\/schema\\\/logo\\\/image\\\/\"}}]}<\/script>\n<!-- \/ Yoast SEO plugin. -->","yoast_head_json":{"title":"Blog - Cat Moir Wolfe","robots":{"index":"index","follow":"follow","max-snippet":"max-snippet:-1","max-image-preview":"max-image-preview:large","max-video-preview":"max-video-preview:-1"},"canonical":"https:\/\/catmoirwolfe.com\/en\/blog\/","og_locale":"en_GB","og_type":"article","og_title":"Blog - Cat Moir Wolfe","og_description":"Psychoth\u00e9rapie tout courtD\u00e9mystifier la psychoth\u00e9rapie, un article de blog \u00e0 la fois","og_url":"https:\/\/catmoirwolfe.com\/en\/blog\/","og_site_name":"Cat Moir Wolfe","article_modified_time":"2026-04-30T07:48:40+00:00","twitter_card":"summary_large_image","schema":{"@context":"https:\/\/schema.org","@graph":[{"@type":"WebPage","@id":"https:\/\/catmoirwolfe.com\/blog\/","url":"https:\/\/catmoirwolfe.com\/blog\/","name":"Blog - Cat Moir Wolfe","isPartOf":{"@id":"https:\/\/catmoirwolfe.com\/#website"},"datePublished":"2026-04-03T11:55:08+00:00","dateModified":"2026-04-30T07:48:40+00:00","breadcrumb":{"@id":"https:\/\/catmoirwolfe.com\/blog\/#breadcrumb"},"inLanguage":"en-GB","potentialAction":[{"@type":"ReadAction","target":["https:\/\/catmoirwolfe.com\/blog\/"]}]},{"@type":"BreadcrumbList","@id":"https:\/\/catmoirwolfe.com\/blog\/#breadcrumb","itemListElement":[{"@type":"ListItem","position":1,"name":"Accueil","item":"https:\/\/catmoirwolfe.com\/"},{"@type":"ListItem","position":2,"name":"Blog"}]},{"@type":"WebSite","@id":"https:\/\/catmoirwolfe.com\/#website","url":"https:\/\/catmoirwolfe.com\/","name":"Catherine Moir Wolfe","description":"Psychologue clinicienne \u00e0 Toulouse et en visio","publisher":{"@id":"https:\/\/catmoirwolfe.com\/#organization"},"potentialAction":[{"@type":"SearchAction","target":{"@type":"EntryPoint","urlTemplate":"https:\/\/catmoirwolfe.com\/?s={search_term_string}"},"query-input":{"@type":"PropertyValueSpecification","valueRequired":true,"valueName":"search_term_string"}}],"inLanguage":"en-GB"},{"@type":"Organization","@id":"https:\/\/catmoirwolfe.com\/#organization","name":"Catherine Moir Wolfe","url":"https:\/\/catmoirwolfe.com\/","logo":{"@type":"ImageObject","inLanguage":"en-GB","@id":"https:\/\/catmoirwolfe.com\/#\/schema\/logo\/image\/","url":"https:\/\/catmoirwolfe.com\/wp-content\/uploads\/2026\/03\/logo-cat-moire-wolfe-psychologue-clinicienne.svg","contentUrl":"https:\/\/catmoirwolfe.com\/wp-content\/uploads\/2026\/03\/logo-cat-moire-wolfe-psychologue-clinicienne.svg","width":1,"height":1,"caption":"Catherine Moir Wolfe"},"image":{"@id":"https:\/\/catmoirwolfe.com\/#\/schema\/logo\/image\/"}}]}},"_links":{"self":[{"href":"https:\/\/catmoirwolfe.com\/en\/wp-json\/wp\/v2\/pages\/158","targetHints":{"allow":["GET"]}}],"collection":[{"href":"https:\/\/catmoirwolfe.com\/en\/wp-json\/wp\/v2\/pages"}],"about":[{"href":"https:\/\/catmoirwolfe.com\/en\/wp-json\/wp\/v2\/types\/page"}],"author":[{"embeddable":true,"href":"https:\/\/catmoirwolfe.com\/en\/wp-json\/wp\/v2\/users\/2"}],"replies":[{"embeddable":true,"href":"https:\/\/catmoirwolfe.com\/en\/wp-json\/wp\/v2\/comments?post=158"}],"version-history":[{"count":6,"href":"https:\/\/catmoirwolfe.com\/en\/wp-json\/wp\/v2\/pages\/158\/revisions"}],"predecessor-version":[{"id":391,"href":"https:\/\/catmoirwolfe.com\/en\/wp-json\/wp\/v2\/pages\/158\/revisions\/391"}],"wp:attachment":[{"href":"https:\/\/catmoirwolfe.com\/en\/wp-json\/wp\/v2\/media?parent=158"}],"wp:term":[{"taxonomy":"dipi_cpt_category","embeddable":true,"href":"https:\/\/catmoirwolfe.com\/en\/wp-json\/wp\/v2\/dipi_cpt_category?post=158"}],"curies":[{"name":"wp","href":"https:\/\/api.w.org\/{rel}","templated":true}]}}