{"id":223,"date":"2026-04-03T13:07:33","date_gmt":"2026-04-03T12:07:33","guid":{"rendered":"https:\/\/catmoirwolfe.com\/politique-de-cookies\/"},"modified":"2026-04-03T13:11:27","modified_gmt":"2026-04-03T12:11:27","slug":"politique-cookies","status":"publish","type":"page","link":"https:\/\/catmoirwolfe.com\/de\/politique-cookies\/","title":{"rendered":"Cookie-Richtlinie"},"content":{"rendered":"<!-- Legal document generated by Complianz | GDPR\/CCPA Cookie Consent https:\/\/wordpress.org\/plugins\/complianz-gdpr -->\n<div id=\"cmplz-document\" class=\"cmplz-document cookie-statement cmplz-document-eu\"><p><i>Diese Cookie-Richtlinie wurde zuletzt am 3 April 2026 aktualisiert und gilt f\u00fcr B\u00fcrger und Einwohner mit st\u00e4ndigem Wohnsitz im Europ\u00e4ischen Wirtschaftsraum und der Schweiz.<\/i><br><\/p><h2>1. Einleitung<\/h2><p>Unsere Website, <a href=\"https:\/\/catmoirwolfe.com\/de\">https:\/\/catmoirwolfe.com\/de<\/a> (im Folgenden: \u00abDie Website\u00bb) verwendet Cookies und \u00e4hnliche Technologien (der Einfachheit halber werden all diese unter \u00abCookies\u00bb zusammengefasst). Cookies werden au\u00dferdem von uns beauftragten Drittparteien platziert. In dem unten stehenden Dokument informieren wir dich \u00fcber die Verwendung von Cookies auf unserer Website.<\/p><h2>2. Was sind Cookies?<\/h2><p>Ein Cookie ist eine einfache, kleine Datei, die zusammen mit den Seiten einer Internetadresse versendet und vom Webbrowser auf dem PC oder einem anderen Ger\u00e4t gespeichert werden kann. Die darin gespeicherten Informationen k\u00f6nnen w\u00e4hrend zuk\u00fcnftiger Besuche auf unseren oder den Servern relevanter Drittanbieter gesendet werden.<\/p><h2>3. Was sind Skripte?<\/h2><p>Ein Skript ist ein St\u00fcck Programmcode, das verwendet wird, um unserer Website Funktionalit\u00e4t und Interaktivit\u00e4t zu erm\u00f6glichen. Dieser Code wird auf unseren Servern oder auf deinem Ger\u00e4t ausgef\u00fchrt.<\/p><h2>4. Was ist ein Web-Beacon?<\/h2><p>Ein Web-Beacon (auch Pixel-Tag genannt) ist ein kleines, unsichtbares Textfragment oder Bild auf einer Website, das zur \u00dcberwachung des Website-Traffics verwendet wird. Um dies zu erm\u00f6glichen, werden \u00fcber Web-Beacons verschiedene Daten von Ihnen gespeichert.<\/p><h2>5. Cookies<\/h2><p class=\"cmplz-subtitle\">5.1 Technische oder funktionelle Cookies<\/p><p>Manche Cookies stellen sicher, dass bestimmte Teile der Website richtig funktionieren und deine Benutzereinstellungen in Erinnerung bleiben. Durch das Platzieren von funktionalen Cookies vereinfachen wir dir den Besuch unserer Website. So musst du beim Besuch unserer Website nicht wiederholt dieselben Informationen eingeben, falls beispielsweise Artikel in deinem Einkaufswagen bis zur Bezahlung verbleiben. Wir d\u00fcrfen diese Cookies ohne deine Zustimmung platzieren.<\/p><p class=\"cmplz-subtitle\">5.2 Marketing- \/ Tracking-Cookies<\/p><p>Marketing- \/ Tracking-Cookies sind Cookies oder eine andere Form der lokalen Speicherung, die zur Erstellung von Benutzerprofilen verwendet werden, um Werbung anzuzeigen oder den Benutzer auf dieser Website oder \u00fcber mehrere Websites hinweg f\u00fcr \u00e4hnliche Marketingzwecke zu verfolgen.<\/p><h2>6. Platzierte Cookies<\/h2><div id=\"cmplz-cookies-overview\"><\/div><h2>7. Einwilligung<\/h2><p>Wenn du unsere Website zum ersten Mal besuchst, zeigen wir dir ein Pop-up mit einer Erkl\u00e4rung \u00fcber Cookies. Sobald du auf \u201eEinstellungen speichern\u201c klickst, gibst du uns deine Einwilligung, alle von dir gew\u00e4hlten Kategorien von Cookies und Plugins wie in dieser Cookie-Erkl\u00e4rung beschrieben zu verwenden. Du kannst die Verwendung von Cookies \u00fcber deinen Browser deaktivieren, aber bitte beachte, dass unsere Website dann unter Umst\u00e4nden nicht richtig funktioniert.<\/p><p class=\"cmplz-subtitle\">7.1 Verwalte deine Einwilligungseinstellungen<\/p><div id=\"cmplz-manage-consent-container-nojavascript\">Du hast die Cookie-Richtlinie ohne Javascript-Unterst\u00fctzung geladen.&nbsp;Unter AMP kannst du den Button zum Zustimmen der Einwilligung unten auf der Seite verwenden.<\/div><div id=\"cmplz-manage-consent-container\" name=\"cmplz-manage-consent-container\" class=\"cmplz-manage-consent-container\"><\/div><h2>8. Cookies aktivieren\/deaktivieren und l\u00f6schen<\/h2><p>Sie k\u00f6nnen Ihren Internetbrowser verwenden, um Cookies automatisch oder manuell zu l\u00f6schen. Sie k\u00f6nnen auch festlegen, dass bestimmte Cookies nicht platziert werden d\u00fcrfen. Eine weitere M\u00f6glichkeit besteht darin, Ihren Internetbrowser so einzurichten, dass Sie jedes Mal benachrichtigt werden, wenn ein Cookie platziert wird. Weitere Informationen zu diesen Optionen finden Sie in der Hilfe-Sektion Ihres Browsers.<\/p><p>Bitte beachten Sie, dass unsere Website m\u00f6glicherweise nicht richtig funktioniert, wenn alle Cookies deaktiviert sind. Wenn Sie die Cookies in Ihrem Browser l\u00f6schen, werden diese neu platziert, wenn Sie unsere Website erneut besuchen.<\/p><h2>9. Ihre Rechte in Bezug auf personenbezogene Daten<\/h2><p>Sie haben folgende Rechte bez\u00fcglich Ihrer personenbezogenen Daten:<\/p><ul>\n                    <li>Sie haben das Recht zu erfahren, warum Ihre personenbezogenen Daten ben\u00f6tigt werden, was mit ihnen geschieht und wie lange sie gespeichert werden.<\/li>\n                    <li>Auskunftsrecht: Sie haben das Recht, Ihre uns bekannten pers\u00f6nlichen Daten einzusehen.\n\t<\/li>\n                    <li>Recht auf Berichtigung: Sie haben das Recht, Ihre personenbezogenen Daten jederzeit zu erg\u00e4nzen, zu korrigieren sowie l\u00f6schen oder sperren zu lassen.<\/li>\n                    <li>Wenn Sie uns Ihre Einwilligung zur Verarbeitung Ihrer Daten erteilen, haben Sie das Recht, diese Einwilligung zu widerrufen und Ihre personenbezogenen Daten l\u00f6schen zu lassen.<\/li>\n                    <li>Recht auf Daten\u00fcbertragbarkeit: Sie haben das Recht, alle Ihre personenbezogenen Daten vom Verantwortlichen anzufordern und sie vollst\u00e4ndig an einen anderen Verantwortlichen zu \u00fcbermitteln.<\/li>\n                    <li>Widerspruchsrecht: Sie k\u00f6nnen der Verarbeitung Ihrer Daten widersprechen. Wir kommen dem nach, es sei denn, es liegen zwingende berechtigte Gr\u00fcnde f\u00fcr die Verarbeitung vor.<\/li>\n                <\/ul><p>Um diese Rechte auszu\u00fcben, kontaktiere uns bitte. Bitte beziehe dich auf die Kontaktdaten am Ende dieser Cookie-Erkl\u00e4rung. Wenn du eine Beschwerde dar\u00fcber hast, wie wir deine Daten behandeln, w\u00fcrden wir diese gerne h\u00f6ren, aber du hast auch das Recht, diese an die Aufsichtsbeh\u00f6rde (Datenschutzbeh\u00f6rde) zu richten.<\/p><h2>10. Kontaktdaten<\/h2><p>F\u00fcr Fragen und\/oder Kommentare zu unserer Cookie-Richtlinien und dieser Erkl\u00e4rung kontaktieren Sie uns bitte \u00fcber die folgenden Kontaktdaten:<\/p><p><span class=\"cmplz-contact-organisation\">Catherine Moir Wolfe<\/span><br>\n                      <span class=\"cmplz-contact-address\">40 rue Saurines, 31500 Toulouse<\/span><br>\n                      <span class=\"cmplz-contact-country\">Frankreich<\/span><br>\n                      <span class=\"cmplz-contact-domain\">Webseite <a href=\"https:\/\/catmoirwolfe.com\/de\">https:\/\/catmoirwolfe.com\/de<\/a><\/span><br>\n                      <span class=\"cmplz-contact-email\">E-Mail <span class=\"cmplz-obfuscate\">&#099;&#111;ntac&#116;@<span class=\"cmplz-fmail-domain\">e&#120;.&#099;&#111;m<\/span>&#099;a&#116;mo&#105;r&#119;olf&#101;&#046;com<\/span><\/span><br>\n                    <span class=\"cmplz-contact-telephone\">Telefonnummer: 06 10 93 99 91<\/span><\/p><p>Diese Cookie-Richtlinie wurde mit <a href=\"https:\/\/cookiedatabase.org\/\" target=\"_blank\">cookiedatabase.org<\/a> am 3 April 2026 synchronisiert.<\/p><\/div>","protected":false},"excerpt":{"rendered":"","protected":false},"author":2,"featured_media":0,"parent":0,"menu_order":0,"comment_status":"closed","ping_status":"closed","template":"","meta":{"_et_pb_use_builder":"","_et_pb_old_content":"","_et_gb_content_width":"1250","footnotes":""},"dipi_cpt_category":[],"class_list":["post-223","page","type-page","status-publish","hentry"],"yoast_head":"<!-- This site is optimized with the Yoast SEO plugin v27.5 - https:\/\/yoast.com\/product\/yoast-seo-wordpress\/ -->\n<title>Politique de cookies - Cat Moir Wolfe<\/title>\n<meta name=\"robots\" content=\"noindex, follow\" \/>\n<meta property=\"og:locale\" content=\"de_DE\" \/>\n<meta property=\"og:type\" content=\"article\" \/>\n<meta property=\"og:title\" content=\"Politique de cookies - Cat Moir Wolfe\" \/>\n<meta property=\"og:url\" content=\"https:\/\/catmoirwolfe.com\/de\/politique-cookies\/\" \/>\n<meta property=\"og:site_name\" content=\"Cat Moir Wolfe\" \/>\n<meta property=\"article:modified_time\" content=\"2026-04-03T12:11:27+00:00\" \/>\n<meta name=\"twitter:card\" content=\"summary_large_image\" \/>\n<script type=\"application\/ld+json\" class=\"yoast-schema-graph\">{\"@context\":\"https:\\\/\\\/schema.org\",\"@graph\":[{\"@type\":\"WebPage\",\"@id\":\"https:\\\/\\\/catmoirwolfe.com\\\/politique-cookies\\\/\",\"url\":\"https:\\\/\\\/catmoirwolfe.com\\\/politique-cookies\\\/\",\"name\":\"Politique de cookies - Cat Moir Wolfe\",\"isPartOf\":{\"@id\":\"https:\\\/\\\/catmoirwolfe.com\\\/#website\"},\"datePublished\":\"2026-04-03T12:07:33+00:00\",\"dateModified\":\"2026-04-03T12:11:27+00:00\",\"breadcrumb\":{\"@id\":\"https:\\\/\\\/catmoirwolfe.com\\\/politique-cookies\\\/#breadcrumb\"},\"inLanguage\":\"de\",\"potentialAction\":[{\"@type\":\"ReadAction\",\"target\":[\"https:\\\/\\\/catmoirwolfe.com\\\/politique-cookies\\\/\"]}]},{\"@type\":\"BreadcrumbList\",\"@id\":\"https:\\\/\\\/catmoirwolfe.com\\\/politique-cookies\\\/#breadcrumb\",\"itemListElement\":[{\"@type\":\"ListItem\",\"position\":1,\"name\":\"Accueil\",\"item\":\"https:\\\/\\\/catmoirwolfe.com\\\/\"},{\"@type\":\"ListItem\",\"position\":2,\"name\":\"Politique de cookies\"}]},{\"@type\":\"WebSite\",\"@id\":\"https:\\\/\\\/catmoirwolfe.com\\\/#website\",\"url\":\"https:\\\/\\\/catmoirwolfe.com\\\/\",\"name\":\"Catherine Moir Wolfe\",\"description\":\"Psychologue clinicienne \u00e0 Toulouse et en visio\",\"publisher\":{\"@id\":\"https:\\\/\\\/catmoirwolfe.com\\\/#organization\"},\"potentialAction\":[{\"@type\":\"SearchAction\",\"target\":{\"@type\":\"EntryPoint\",\"urlTemplate\":\"https:\\\/\\\/catmoirwolfe.com\\\/?s={search_term_string}\"},\"query-input\":{\"@type\":\"PropertyValueSpecification\",\"valueRequired\":true,\"valueName\":\"search_term_string\"}}],\"inLanguage\":\"de\"},{\"@type\":\"Organization\",\"@id\":\"https:\\\/\\\/catmoirwolfe.com\\\/#organization\",\"name\":\"Catherine Moir Wolfe\",\"url\":\"https:\\\/\\\/catmoirwolfe.com\\\/\",\"logo\":{\"@type\":\"ImageObject\",\"inLanguage\":\"de\",\"@id\":\"https:\\\/\\\/catmoirwolfe.com\\\/#\\\/schema\\\/logo\\\/image\\\/\",\"url\":\"https:\\\/\\\/catmoirwolfe.com\\\/wp-content\\\/uploads\\\/2026\\\/03\\\/logo-cat-moire-wolfe-psychologue-clinicienne.svg\",\"contentUrl\":\"https:\\\/\\\/catmoirwolfe.com\\\/wp-content\\\/uploads\\\/2026\\\/03\\\/logo-cat-moire-wolfe-psychologue-clinicienne.svg\",\"width\":1,\"height\":1,\"caption\":\"Catherine Moir Wolfe\"},\"image\":{\"@id\":\"https:\\\/\\\/catmoirwolfe.com\\\/#\\\/schema\\\/logo\\\/image\\\/\"}}]}<\/script>\n<!-- \/ Yoast SEO plugin. -->","yoast_head_json":{"title":"Politique de cookies - Cat Moir Wolfe","robots":{"index":"noindex","follow":"follow"},"og_locale":"de_DE","og_type":"article","og_title":"Politique de cookies - Cat Moir Wolfe","og_url":"https:\/\/catmoirwolfe.com\/de\/politique-cookies\/","og_site_name":"Cat Moir Wolfe","article_modified_time":"2026-04-03T12:11:27+00:00","twitter_card":"summary_large_image","schema":{"@context":"https:\/\/schema.org","@graph":[{"@type":"WebPage","@id":"https:\/\/catmoirwolfe.com\/politique-cookies\/","url":"https:\/\/catmoirwolfe.com\/politique-cookies\/","name":"Politique de cookies - Cat Moir Wolfe","isPartOf":{"@id":"https:\/\/catmoirwolfe.com\/#website"},"datePublished":"2026-04-03T12:07:33+00:00","dateModified":"2026-04-03T12:11:27+00:00","breadcrumb":{"@id":"https:\/\/catmoirwolfe.com\/politique-cookies\/#breadcrumb"},"inLanguage":"de","potentialAction":[{"@type":"ReadAction","target":["https:\/\/catmoirwolfe.com\/politique-cookies\/"]}]},{"@type":"BreadcrumbList","@id":"https:\/\/catmoirwolfe.com\/politique-cookies\/#breadcrumb","itemListElement":[{"@type":"ListItem","position":1,"name":"Accueil","item":"https:\/\/catmoirwolfe.com\/"},{"@type":"ListItem","position":2,"name":"Politique de cookies"}]},{"@type":"WebSite","@id":"https:\/\/catmoirwolfe.com\/#website","url":"https:\/\/catmoirwolfe.com\/","name":"Catherine Moir Wolfe","description":"Psychologue clinicienne \u00e0 Toulouse et en visio","publisher":{"@id":"https:\/\/catmoirwolfe.com\/#organization"},"potentialAction":[{"@type":"SearchAction","target":{"@type":"EntryPoint","urlTemplate":"https:\/\/catmoirwolfe.com\/?s={search_term_string}"},"query-input":{"@type":"PropertyValueSpecification","valueRequired":true,"valueName":"search_term_string"}}],"inLanguage":"de"},{"@type":"Organization","@id":"https:\/\/catmoirwolfe.com\/#organization","name":"Catherine Moir Wolfe","url":"https:\/\/catmoirwolfe.com\/","logo":{"@type":"ImageObject","inLanguage":"de","@id":"https:\/\/catmoirwolfe.com\/#\/schema\/logo\/image\/","url":"https:\/\/catmoirwolfe.com\/wp-content\/uploads\/2026\/03\/logo-cat-moire-wolfe-psychologue-clinicienne.svg","contentUrl":"https:\/\/catmoirwolfe.com\/wp-content\/uploads\/2026\/03\/logo-cat-moire-wolfe-psychologue-clinicienne.svg","width":1,"height":1,"caption":"Catherine Moir Wolfe"},"image":{"@id":"https:\/\/catmoirwolfe.com\/#\/schema\/logo\/image\/"}}]}},"_links":{"self":[{"href":"https:\/\/catmoirwolfe.com\/de\/wp-json\/wp\/v2\/pages\/223","targetHints":{"allow":["GET"]}}],"collection":[{"href":"https:\/\/catmoirwolfe.com\/de\/wp-json\/wp\/v2\/pages"}],"about":[{"href":"https:\/\/catmoirwolfe.com\/de\/wp-json\/wp\/v2\/types\/page"}],"author":[{"embeddable":true,"href":"https:\/\/catmoirwolfe.com\/de\/wp-json\/wp\/v2\/users\/2"}],"replies":[{"embeddable":true,"href":"https:\/\/catmoirwolfe.com\/de\/wp-json\/wp\/v2\/comments?post=223"}],"version-history":[{"count":2,"href":"https:\/\/catmoirwolfe.com\/de\/wp-json\/wp\/v2\/pages\/223\/revisions"}],"predecessor-version":[{"id":225,"href":"https:\/\/catmoirwolfe.com\/de\/wp-json\/wp\/v2\/pages\/223\/revisions\/225"}],"wp:attachment":[{"href":"https:\/\/catmoirwolfe.com\/de\/wp-json\/wp\/v2\/media?parent=223"}],"wp:term":[{"taxonomy":"dipi_cpt_category","embeddable":true,"href":"https:\/\/catmoirwolfe.com\/de\/wp-json\/wp\/v2\/dipi_cpt_category?post=223"}],"curies":[{"name":"wp","href":"https:\/\/api.w.org\/{rel}","templated":true}]}}